{"id":5478,"date":"2024-04-09T13:56:44","date_gmt":"2024-04-09T11:56:44","guid":{"rendered":"https:\/\/theroyalsnail.com\/product\/junior-suites\/"},"modified":"2024-04-09T13:56:44","modified_gmt":"2024-04-09T11:56:44","slug":"junior-suites","status":"publish","type":"product","link":"https:\/\/theroyalsnail.com\/nl\/product\/junior-suites\/","title":{"rendered":"Junior suites"},"content":{"rendered":"<p>Prestigieuze en zorgvuldig ingerichte kamers met een badkamer, wc, lounge en rustruimte en een tweepersoonsbed. Ze zijn licht en bekleed en hebben priv\u00e9toegang tot de tuin en het terras van het hotel. In \u00e9\u00e9n woord, het is het meesterwerk van The Royal Snail hotel.<\/p>\n<div class=\"elementor-element elementor-element-02f5672 elementor-widget elementor-widget-heading\" data-id=\"02f5672\" data-element_type=\"widget\" data-widget_type=\"heading.default\">\n<div class=\"elementor-widget-container\">\n<h3 class=\"elementor-heading-title elementor-size-default\">Diensten<\/h3>\n<\/div>\n<\/div>\n<div class=\"elementor-element elementor-element-a9201bc elementor-widget elementor-widget-ovabrw_product_features\" data-id=\"a9201bc\" data-element_type=\"widget\" data-widget_type=\"ovabrw_product_features.default\">\n<div class=\"elementor-widget-container\">\n<div class=\"elementor-features\">\n<ul class=\"ovabrw_woo_features\">\n<li><i class=\"qomfort qomfort-check-mark\" aria-hidden=\"true\"><\/i><label>Balkon<\/label><\/li>\n<li><i class=\"qomfort qomfort-check-mark\" aria-hidden=\"true\"><\/i><label>Kantoor<\/label><\/li>\n<li><i class=\"qomfort qomfort-check-mark\" aria-hidden=\"true\"><\/i><label>Airconditioning<\/label><\/li>\n<li><i class=\"qomfort qomfort-check-mark\" aria-hidden=\"true\"><\/i><label>Veilig<\/label><\/li>\n<li><i class=\"qomfort qomfort-check-mark\" aria-hidden=\"true\"><\/i><label>Spoelbak<\/label><\/li>\n<li><i class=\"qomfort qomfort-check-mark\" aria-hidden=\"true\"><\/i><label>Strijkijzer en strijkplank<\/label><\/li>\n<li><i class=\"qomfort qomfort-check-mark\" aria-hidden=\"true\"><\/i><label>Internet<\/label><\/li>\n<li><i class=\"qomfort qomfort-check-mark\" aria-hidden=\"true\"><\/i><label>Minibar<\/label><\/li>\n<li><i class=\"qomfort qomfort-check-mark\" aria-hidden=\"true\"><\/i><label>Radio<\/label><\/li>\n<li><i class=\"qomfort qomfort-check-mark\" aria-hidden=\"true\"><\/i><label>Telefoon<\/label><\/li>\n<li><i class=\"qomfort qomfort-check-mark\" aria-hidden=\"true\"><\/i><label>Haardroger<\/label><\/li>\n<li><i class=\"qomfort qomfort-check-mark\" aria-hidden=\"true\"><\/i><label>Satelliet televisie<\/label><\/li>\n<\/ul>\n<\/div>\n<\/div>\n<\/div>\n<div class=\"elementor-element elementor-element-02c1939 elementor-widget elementor-widget-heading\" data-id=\"02c1939\" data-element_type=\"widget\" data-widget_type=\"heading.default\">\n<div class=\"elementor-widget-container\">\n<h3 class=\"elementor-heading-title elementor-size-default\">Regels<\/h3>\n<\/div>\n<\/div>\n<div class=\"elementor-element elementor-element-b9e94e8 elementor-widget elementor-widget-ovabrw_product_rules\" data-id=\"b9e94e8\" data-element_type=\"widget\" data-widget_type=\"ovabrw_product_rules.default\">\n<div class=\"elementor-widget-container\">\n<div class=\"elementor-product-rules\">\n<div class=\"ovabrw-product-rules\">\n<ul>\n<li>Inchecken: na 16:00<\/li>\n<li>Uitchecken: voor 11:00<\/li>\n<li>Laat uitchecken: Toeslag \u20ac50<\/li>\n<li>Niet roken in de kamer en geen huisdieren<\/li>\n<li>Identificatiebewijs is verplicht voor hotelregistratie<\/li>\n<\/ul>\n<\/div>\n<\/div>\n<\/div>\n<\/div>\n","protected":false},"excerpt":{"rendered":"<p>Prestigieuze en zorgvuldig ingerichte kamers met een badkamer, wc, lounge en rustruimte en een tweepersoonsbed. Ze zijn licht en bekleed en hebben priv\u00e9toegang tot de tuin en het terras van het hotel. In \u00e9\u00e9n woord, het is het meesterwerk van The Royal Snail hotel.<\/p>\n","protected":false},"featured_media":5278,"comment_status":"open","ping_status":"closed","template":"","meta":[],"product_cat":[60],"product_tag":[],"class_list":{"0":"post-5478","1":"product","2":"type-product","3":"status-publish","4":"has-post-thumbnail","6":"product_cat-hotel-nl","8":"first","9":"instock","10":"featured","11":"shipping-taxable","12":"purchasable","13":"product-type-ovabrw_car_rental"},"_links":{"self":[{"href":"https:\/\/theroyalsnail.com\/nl\/wp-json\/wp\/v2\/product\/5478","targetHints":{"allow":["GET"]}}],"collection":[{"href":"https:\/\/theroyalsnail.com\/nl\/wp-json\/wp\/v2\/product"}],"about":[{"href":"https:\/\/theroyalsnail.com\/nl\/wp-json\/wp\/v2\/types\/product"}],"replies":[{"embeddable":true,"href":"https:\/\/theroyalsnail.com\/nl\/wp-json\/wp\/v2\/comments?post=5478"}],"version-history":[{"count":0,"href":"https:\/\/theroyalsnail.com\/nl\/wp-json\/wp\/v2\/product\/5478\/revisions"}],"wp:featuredmedia":[{"embeddable":true,"href":"https:\/\/theroyalsnail.com\/nl\/wp-json\/wp\/v2\/media\/5278"}],"wp:attachment":[{"href":"https:\/\/theroyalsnail.com\/nl\/wp-json\/wp\/v2\/media?parent=5478"}],"wp:term":[{"taxonomy":"product_cat","embeddable":true,"href":"https:\/\/theroyalsnail.com\/nl\/wp-json\/wp\/v2\/product_cat?post=5478"},{"taxonomy":"product_tag","embeddable":true,"href":"https:\/\/theroyalsnail.com\/nl\/wp-json\/wp\/v2\/product_tag?post=5478"}],"curies":[{"name":"wp","href":"https:\/\/api.w.org\/{rel}","templated":true}]}}