{"id":5499,"date":"2024-04-09T14:40:55","date_gmt":"2024-04-09T12:40:55","guid":{"rendered":"https:\/\/theroyalsnail.com\/wellness\/"},"modified":"2024-04-12T15:33:32","modified_gmt":"2024-04-12T13:33:32","slug":"wellness","status":"publish","type":"page","link":"https:\/\/theroyalsnail.com\/nl\/wellness\/","title":{"rendered":"Wellness"},"content":{"rendered":"\t\t<div data-elementor-type=\"wp-page\" data-elementor-id=\"5499\" class=\"elementor elementor-5499 elementor-4494\">\n\t\t\t\t\t\t<section class=\"elementor-section elementor-top-section elementor-element elementor-element-075f65b elementor-section-full_width elementor-section-height-default elementor-section-height-default\" data-id=\"075f65b\" data-element_type=\"section\" data-settings=\"{&quot;background_background&quot;:&quot;classic&quot;}\">\n\t\t\t\t\t\t<div class=\"elementor-container elementor-column-gap-no\">\n\t\t\t\t\t<div class=\"elementor-column elementor-col-100 elementor-top-column elementor-element elementor-element-cb29ae4\" data-id=\"cb29ae4\" data-element_type=\"column\">\n\t\t\t<div class=\"elementor-widget-wrap elementor-element-populated\">\n\t\t\t\t\t\t<div class=\"elementor-element elementor-element-6e5fe7b elementor-widget elementor-widget-qomfort_elementor_header_banner\" data-id=\"6e5fe7b\" data-element_type=\"widget\" data-settings=\"{&quot;_animation&quot;:&quot;none&quot;}\" data-widget_type=\"qomfort_elementor_header_banner.default\">\n\t\t\t\t<div class=\"elementor-widget-container\">\n\t\t\t\t\t\t\t \t<!-- Display when you choose background per Post -->\n\t\t \t<div class=\"wrap_header_banner   \"  >\n\n\t\t \t\t\t\t\t \t\n\t\t\t\t \t<div class=\"cover_color\"><\/div>\n\n\t\t\t\t\t<div class=\"header_banner_el  \">\n\t\t\t\t\t\t\n\t\t\t\t\t\t\t\t\t\t\t\t\t\n\t\t\t\t\t\t\t\n\t\t\t\t\t\t\t\t\t\t\t\t\t\t<h1 class=\" header_title\">\n\t\t\t\t\t\t\t\t\t\t\t\t\t\t\t<\/h1>\n\t\t\t\t\t\t\t\t\n\t\t\t\t\t\t\n\n\t\t\t\t\t\t\n\t\t\t\t\t<\/div>\n\n\t\t\t\t\n\t\t\t<\/div>\n\t\t\t\t\t\t<\/div>\n\t\t\t\t<\/div>\n\t\t\t\t\t<\/div>\n\t\t<\/div>\n\t\t\t\t\t<\/div>\n\t\t<\/section>\n\t\t<div class=\"elementor-element elementor-element-79549a9 e-flex e-con-boxed e-con e-parent\" data-id=\"79549a9\" data-element_type=\"container\">\n\t\t\t\t\t<div class=\"e-con-inner\">\n\t\t\t\t<div class=\"elementor-element elementor-element-70a7faa elementor-widget elementor-widget-text-editor\" data-id=\"70a7faa\" data-element_type=\"widget\" data-widget_type=\"text-editor.default\">\n\t\t\t\t<div class=\"elementor-widget-container\">\n\t\t\t\t\t\t\t\t\t<h1>De wellness &#8211; De massages<\/h1>\n<h1 style=\"font-family: var(--secondary-font);\">Wellness (reserveren aanbevolen)<\/h1>\n<p><span style=\"font-weight: bolder;\">TOEGANG TOT PRIVE GEZONDHEIDSRUIMTE \u20ac95\/uur<\/span><\/p>\n<p>4 personen maximaal <\/p>\n<p><span style=\"font-weight: bolder;\">SPECIALE AANBIEDING<\/span><\/p>\n<p>Weekdagen, maandag tot vrijdag<\/p>\n<p><span style=\"text-align: var(--text-align); color: var(--text); font-family: var(--primary-font); font-size: var(--font-size); letter-spacing: var(--letter-spacing);\">1u + 1u gratis<\/span><\/p>\n<p><span style=\"color: var(--heading); font-family: var(--secondary-font); font-size: 2em; font-weight: bold; text-align: var(--text-align); letter-spacing: var(--letter-spacing);\"> <\/span><\/p>\n<p><span style=\"color: var(--heading); font-family: var(--secondary-font); font-size: 2em; font-weight: bold; text-align: var(--text-align); letter-spacing: var(--letter-spacing);\">Massages (reserveren verplicht)<\/span><\/p>\n<p><em>DUETTEN BESCHIKBAAR OP AFSPRAAK <\/em><\/p>\n<p><strong>OOSTERSE MASSAGE (60\u2032 &#8211; 75\u2032 &#8211; 90\u2032 &#8211; 120\u2032)<\/strong><\/p>\n<p>Deze massage bevrijdt het lichaam van spanning door zachtjes te werken op de spieren en de huid. Ideaal om je ontspannen te voelen.<\/p>\n<p><strong>REGENERERENDE RUGMASSAGE (60\u2032 &#8211; 75\u2032)<\/strong><\/p>\n<p>Deze behandeling combineert diepe spiertechnieken en stretching. Het pakt echt de spanning in de rug en benen aan en verlicht deze diep van binnen. Ideaal om spanningen in de rug te verlichten en je jonger te voelen.<\/p>\n<p><strong>MASSAGE OP MAAT (60\u2032 &#8211; 90\u2032)<\/strong><\/p>\n<p>Bepaal je sessie aan de hand van je behoeften op dat moment, de gebieden waarop je je wilt concentreren, het soort druk en de tijd die je wilt besteden aan de verschillende lichaamsdelen.<\/p>\n<p><strong>HETE STENEN (60\u2032 &#8211; 90\u2032)<\/strong><\/p>\n<p>Een ontspannende hotstonemassage die spierontspanning en diepgaande verlichting van spanning combineert.<\/p>\n<p><strong>POLYNESISCH (90\u2032)<\/strong><\/p>\n<p>Verkwikkende en verkwikkende zandzakmassage. Verlicht spanning door druk uit te oefenen met brede, redelijk snelle bewegingen, voornamelijk met de onderarmen.<\/p>\n<p><strong>ZORG VOOR AANSTAANDE MOEDERS (60\u2032 &#8211; 75\u2032)<\/strong><\/p>\n<p>Zacht en omhullend terwijl spanningen worden aangepakt. Het doel is om de bloedsomloop te verbeteren en de spieren te ontspannen, waardoor spanning en ongemak in de benen en rug worden verlicht. Ideaal voor aanstaande moeders die op zoek zijn naar een ontspannen vakantie.<\/p>\n<table>\n<tbody>\n<tr>\n<td width=\"145\">\n<table width=\"100%\">\n<tbody>\n<tr>\n<td><em>ALLEEN SOLO <\/em><\/td>\n<\/tr>\n<\/tbody>\n<\/table>\n<\/td>\n<\/tr>\n<\/tbody>\n<\/table>\n<p><span style=\"color: var(--heading); font-family: var(--secondary-font); font-size: 2em; font-weight: bold; letter-spacing: var(--letter-spacing); text-align: var(--text-align);\">DE KLEINE WONDEREN<\/span><\/p>\n<p><strong>ONTSPANNINGSREFLEXOLOGIE (45\u2032)<\/strong><\/p>\n<p>Deze massage richt zich op de reflexzones van de voet. Het biedt een unieke ervaring die absolute ontspanning biedt en spanning losmaakt uit het hele lichaam.<\/p>\n<p><strong>REGENERERENDE RUGMASSAGE (45\u2032)<\/strong><\/p>\n<p>Deze behandeling combineert diepe spiertechnieken en stretching. Het richt zich echt op spanning in de rug en benen en laat het diep van binnen los. Ideaal om spanningen in de rug te verlichten en je jonger te voelen.<\/p>\n<p><strong>GEZICHTSBEHANDELING (50\u2032)<\/strong><\/p>\n<p>Ontspannende aromatische behandeling.<\/p>\n<h1>DE ESCALEN<\/h1>\n<p><strong>HET KOSTBARE MOMENT (120\u2032)<\/strong><\/p>\n<p>Een verfijnde combinatie van gezichtsbehandeling en massage. 90&#8242; massage en 30&#8242; gezichtsbehandeling.<\/p>\n<p><strong>ONTSPANNINGSRITUEEL (90\u2032 &#8211; 120\u2032)<\/strong><\/p>\n<p>Zachte of remineraliserende scrub gevolgd door een massage met warme olie en essenti\u00eble oli\u00ebn. 30&#8242; scrubben en 60&#8242; of 90&#8242; massage.<\/p>\n<h2>DUO MOMENTEN<\/h2>\n<p><strong>WELLNESS-PAUZE (120\u2032)<\/strong><\/p>\n<p>De spa is helemaal voor jou gereserveerd voor dit moment van ontspanning, geniet van wellness en 2 solomassages van 45&#8242; om uit te kiezen &#8220;LES PETITES MERVEILLES&#8221;, &#8220;SOIN VISAGE&#8221;, &#8220;R\u00c9FLEXOLOGIE&#8221; of &#8220;MASSAGE R\u00c9G\u00c9- N\u00c9RANT DU DOS&#8221;.<\/p>\n<p><strong>UN INSTANT ROYAL (180&#8242;)<\/strong><\/p>\n<p>Kies uit &#8220;PIERRES CHAUDES&#8221;, &#8220;POLYN\u00c9SIEN&#8221; of &#8220;ORIENTAL&#8221;.<\/p>\n<h1><span style=\"text-align: var(--text-align); color: var(--text); font-family: var(--primary-font); font-size: var(--font-size); letter-spacing: var(--letter-spacing);\">Boekingen en al onze prijzen zijn op aanvraag beschikbaar op +3281570023 of per e-mail op info@theroyalsnail.com.<\/span><\/h1>\n\t\t\t\t\t\t\t\t<\/div>\n\t\t\t\t<\/div>\n\t\t\t\t\t<\/div>\n\t\t\t\t<\/div>\n\t\t<div class=\"elementor-element elementor-element-615e7bb e-flex e-con-boxed e-con e-parent\" data-id=\"615e7bb\" data-element_type=\"container\">\n\t\t\t\t\t<div class=\"e-con-inner\">\n\t\t\t\t<div class=\"elementor-element elementor-element-173d446 elementor-widget elementor-widget-qomfort_elementor_gallery\" data-id=\"173d446\" data-element_type=\"widget\" data-widget_type=\"qomfort_elementor_gallery.default\">\n\t\t\t\t<div class=\"elementor-widget-container\">\n\t\t\t\t\t\n\t\t\t        <div class=\"ova-gallery\">\n\t        \t<div class=\"grid\">\n\t        \t\t<div class=\"grid-sizer\"><\/div>\n\t  \t\t\t\t\t  \t\t\t\t\t<div class=\"grid-item elementor-repeater-item-67d2f42 \">\n\t  \t\t\t\t\t\t<a href=\"#\" class=\"gallery-fancybox\" data-src=\"https:\/\/theroyalsnail.com\/wp-content\/plugins\/elementor\/assets\/images\/placeholder.png\" \n\t  \t\t\t\t\t\t\tdata-fancybox=\"gallery\" \n\t  \t\t\t\t\t\t\tdata-caption=\"hotel-namur-366\">\n\n\t  \t\t\t\t\t\t\t<img decoding=\"async\" src=\"https:\/\/theroyalsnail.com\/wp-content\/uploads\/2024\/04\/hotel-namur-366.jpg\" alt=\"hotel-namur-366\">\n\t  \t\t\t\t\t\t\t<div class=\"gallery-container\">\n\t\t  \t\t\t\t\t\t\t<div class=\"gallery-content\">\n\t\t\t  \t\t\t\t\t\t\t\t\t\t  \t\t\t\t\t\t\t\t<h2 class=\"gallery-title\">Wellness<\/h2>\n\t\t\t  \t\t\t\t\t\t\t\t\t\t  \t\t\t\t\t\t<\/div>\n\t\t  \t\t\t\t\t\t<\/div>\n\t  \t\t\t\t\t\t<\/a>\n\t  \t\t\t\t\t<\/div>\n\t  \t\t\t\t\t  \t\t\t\t\t<div class=\"grid-item elementor-repeater-item-ab9a89b \">\n\t  \t\t\t\t\t\t<a href=\"#\" class=\"gallery-fancybox\" data-src=\"https:\/\/theroyalsnail.com\/wp-content\/plugins\/elementor\/assets\/images\/placeholder.png\" \n\t  \t\t\t\t\t\t\tdata-fancybox=\"gallery\" \n\t  \t\t\t\t\t\t\tdata-caption=\"hotel-namur-365_1\">\n\n\t  \t\t\t\t\t\t\t<img decoding=\"async\" src=\"https:\/\/theroyalsnail.com\/wp-content\/uploads\/2024\/04\/hotel-namur-365_1.jpg\" alt=\"hotel-namur-365_1\">\n\t  \t\t\t\t\t\t\t<div class=\"gallery-container\">\n\t\t  \t\t\t\t\t\t\t<div class=\"gallery-content\">\n\t\t\t  \t\t\t\t\t\t\t\t\t\t  \t\t\t\t\t\t\t\t<h2 class=\"gallery-title\">Welness<\/h2>\n\t\t\t  \t\t\t\t\t\t\t\t\t\t  \t\t\t\t\t\t<\/div>\n\t\t  \t\t\t\t\t\t<\/div>\n\t  \t\t\t\t\t\t<\/a>\n\t  \t\t\t\t\t<\/div>\n\t  \t\t\t\t\t  \t\t\t\t\t<div class=\"grid-item elementor-repeater-item-5d9f5d2 grid-width-2\">\n\t  \t\t\t\t\t\t<a href=\"#\" class=\"gallery-fancybox\" data-src=\"https:\/\/theroyalsnail.com\/wp-content\/plugins\/elementor\/assets\/images\/placeholder.png\" \n\t  \t\t\t\t\t\t\tdata-fancybox=\"gallery\" \n\t  \t\t\t\t\t\t\tdata-caption=\"hotel-namur-364\">\n\n\t  \t\t\t\t\t\t\t<img decoding=\"async\" src=\"https:\/\/theroyalsnail.com\/wp-content\/uploads\/2024\/04\/hotel-namur-364.jpg\" alt=\"hotel-namur-364\">\n\t  \t\t\t\t\t\t\t<div class=\"gallery-container\">\n\t\t  \t\t\t\t\t\t\t<div class=\"gallery-content\">\n\t\t\t  \t\t\t\t\t\t\t\t\t\t  \t\t\t\t\t\t\t\t<h2 class=\"gallery-title\">Welness<\/h2>\n\t\t\t  \t\t\t\t\t\t\t\t\t\t  \t\t\t\t\t\t<\/div>\n\t\t  \t\t\t\t\t\t<\/div>\n\t  \t\t\t\t\t\t<\/a>\n\t  \t\t\t\t\t<\/div>\n\t  \t\t\t\t\t  \t\t\t\t\t<div class=\"grid-item elementor-repeater-item-ac71b0b grid-width-2\">\n\t  \t\t\t\t\t\t<a href=\"#\" class=\"gallery-fancybox\" data-src=\"https:\/\/theroyalsnail.com\/wp-content\/plugins\/elementor\/assets\/images\/placeholder.png\" \n\t  \t\t\t\t\t\t\tdata-fancybox=\"gallery\" \n\t  \t\t\t\t\t\t\tdata-caption=\"hotel-namur-294\">\n\n\t  \t\t\t\t\t\t\t<img decoding=\"async\" src=\"https:\/\/theroyalsnail.com\/wp-content\/uploads\/2024\/04\/hotel-namur-294.jpg\" alt=\"hotel-namur-294\">\n\t  \t\t\t\t\t\t\t<div class=\"gallery-container\">\n\t\t  \t\t\t\t\t\t\t<div class=\"gallery-content\">\n\t\t\t  \t\t\t\t\t\t\t\t\t\t  \t\t\t\t\t\t\t\t<h2 class=\"gallery-title\">Welness<\/h2>\n\t\t\t  \t\t\t\t\t\t\t\t\t\t  \t\t\t\t\t\t<\/div>\n\t\t  \t\t\t\t\t\t<\/div>\n\t  \t\t\t\t\t\t<\/a>\n\t  \t\t\t\t\t<\/div>\n\t  \t\t\t\t\t  \t\t\t\t\t<div class=\"grid-item elementor-repeater-item-978f2a6 \">\n\t  \t\t\t\t\t\t<a href=\"#\" class=\"gallery-fancybox\" data-src=\"https:\/\/theroyalsnail.com\/wp-content\/plugins\/elementor\/assets\/images\/placeholder.png\" \n\t  \t\t\t\t\t\t\tdata-fancybox=\"gallery\" \n\t  \t\t\t\t\t\t\tdata-caption=\"hotel-namur-363\">\n\n\t  \t\t\t\t\t\t\t<img decoding=\"async\" src=\"https:\/\/theroyalsnail.com\/wp-content\/uploads\/2024\/04\/hotel-namur-363.jpg\" alt=\"hotel-namur-363\">\n\t  \t\t\t\t\t\t\t<div class=\"gallery-container\">\n\t\t  \t\t\t\t\t\t\t<div class=\"gallery-content\">\n\t\t\t  \t\t\t\t\t\t\t\t\t\t  \t\t\t\t\t\t\t\t<h2 class=\"gallery-title\">Welness<\/h2>\n\t\t\t  \t\t\t\t\t\t\t\t\t\t  \t\t\t\t\t\t<\/div>\n\t\t  \t\t\t\t\t\t<\/div>\n\t  \t\t\t\t\t\t<\/a>\n\t  \t\t\t\t\t<\/div>\n\t  \t\t\t\t\t  \t\t\t\t\t<div class=\"grid-item elementor-repeater-item-a69423a \">\n\t  \t\t\t\t\t\t<a href=\"#\" class=\"gallery-fancybox\" data-src=\"https:\/\/theroyalsnail.com\/wp-content\/plugins\/elementor\/assets\/images\/placeholder.png\" \n\t  \t\t\t\t\t\t\tdata-fancybox=\"gallery\" \n\t  \t\t\t\t\t\t\tdata-caption=\"hotel-namur-297_1\">\n\n\t  \t\t\t\t\t\t\t<img decoding=\"async\" src=\"https:\/\/theroyalsnail.com\/wp-content\/uploads\/2024\/04\/hotel-namur-297_1.jpg\" alt=\"hotel-namur-297_1\">\n\t  \t\t\t\t\t\t\t<div class=\"gallery-container\">\n\t\t  \t\t\t\t\t\t\t<div class=\"gallery-content\">\n\t\t\t  \t\t\t\t\t\t\t\t\t\t  \t\t\t\t\t\t\t\t<h2 class=\"gallery-title\">Welness<\/h2>\n\t\t\t  \t\t\t\t\t\t\t\t\t\t  \t\t\t\t\t\t<\/div>\n\t\t  \t\t\t\t\t\t<\/div>\n\t  \t\t\t\t\t\t<\/a>\n\t  \t\t\t\t\t<\/div>\n\t  \t\t\t\t\t        \t<\/div>\n\t\t\t<\/div>\n\t\t\t\t\t\t<\/div>\n\t\t\t\t<\/div>\n\t\t\t\t\t<\/div>\n\t\t\t\t<\/div>\n\t\t\t\t<\/div>\n\t\t","protected":false},"excerpt":{"rendered":"<p>De wellness &#8211; De massages Wellness (reserveren aanbevolen) TOEGANG TOT PRIVE GEZONDHEIDSRUIMTE \u20ac95\/uur 4 personen maximaal SPECIALE AANBIEDING Weekdagen, maandag tot vrijdag 1u + 1u gratis Massages (reserveren verplicht) DUETTEN BESCHIKBAAR OP AFSPRAAK OOSTERSE MASSAGE (60\u2032 &#8211; 75\u2032 &#8211; 90\u2032 &#8211; 120\u2032) Deze massage bevrijdt het lichaam van spanning door zachtjes te werken op de [&hellip;]<\/p>\n","protected":false},"author":1,"featured_media":0,"parent":0,"menu_order":0,"comment_status":"closed","ping_status":"closed","template":"elementor_header_footer","meta":{"footnotes":""},"class_list":["post-5499","page","type-page","status-publish","hentry"],"_links":{"self":[{"href":"https:\/\/theroyalsnail.com\/nl\/wp-json\/wp\/v2\/pages\/5499","targetHints":{"allow":["GET"]}}],"collection":[{"href":"https:\/\/theroyalsnail.com\/nl\/wp-json\/wp\/v2\/pages"}],"about":[{"href":"https:\/\/theroyalsnail.com\/nl\/wp-json\/wp\/v2\/types\/page"}],"author":[{"embeddable":true,"href":"https:\/\/theroyalsnail.com\/nl\/wp-json\/wp\/v2\/users\/1"}],"replies":[{"embeddable":true,"href":"https:\/\/theroyalsnail.com\/nl\/wp-json\/wp\/v2\/comments?post=5499"}],"version-history":[{"count":1,"href":"https:\/\/theroyalsnail.com\/nl\/wp-json\/wp\/v2\/pages\/5499\/revisions"}],"predecessor-version":[{"id":5500,"href":"https:\/\/theroyalsnail.com\/nl\/wp-json\/wp\/v2\/pages\/5499\/revisions\/5500"}],"wp:attachment":[{"href":"https:\/\/theroyalsnail.com\/nl\/wp-json\/wp\/v2\/media?parent=5499"}],"curies":[{"name":"wp","href":"https:\/\/api.w.org\/{rel}","templated":true}]}}