{"id":5442,"date":"2023-08-10T09:56:06","date_gmt":"2023-08-10T07:56:06","guid":{"rendered":"https:\/\/theroyalsnail.com\/onze-kamers\/"},"modified":"2024-04-12T15:16:33","modified_gmt":"2024-04-12T13:16:33","slug":"onze-kamers","status":"publish","type":"page","link":"https:\/\/theroyalsnail.com\/nl\/onze-kamers\/","title":{"rendered":"Onze kamers"},"content":{"rendered":"<h2>Ontdek onze kamers<\/h2>\n<p>\t\t\t\t\t\t\t\t\t\t\t<a href=\"https:\/\/theroyalsnail.com\/product\/chambre-single\/\" title=\"Chambre Single\"><br \/>\n\t\t\t\t\t\t\t<img fetchpriority=\"high\" width=\"768\" height=\"660\" src=\"https:\/\/theroyalsnail.com\/wp-content\/uploads\/2024\/04\/The-Royal-Snail-Hotel-Namur-Chambre-5-768x660.jpg\" alt=\"\" decoding=\"async\" \/>\t\t\t\t\t\t<\/a><\/p>\n<h3>\n\t\t\t\t\t\t\t<a href=\"https:\/\/theroyalsnail.com\/product\/chambre-single\/\"\n\t\t\t\t\t\t\t\ttitle=\"Chambre Single\"><br \/>\n\t\t\t\t\t\t\t\tChambre Single\t\t\t\t\t\t\t<\/a><br \/>\n\t\t\t\t\t\t<\/h3>\n<ul>\n<li>\n\t\t\t\t\t\t\t\t\t\t\t\t\t\t\t\t\t\t\t\t\t\t\t\tAdults : 1\t\t\t\t\t\t\t\t\t\t\t<\/li>\n<li>\n\t\t\t\t\t\t\t\t\t\t\t\t\tSize : 25\t\t\t\t\t\t\t\t\t\t\t\t\tm<sup>2<\/sup>\n\t\t\t\t\t\t\t\t\t\t\t<\/li>\n<\/ul>\n<p>La chambre &quot;SINGLE ROOM&quot; de l&#039;h\u00f4tel donne directement sur le jardin et..<\/p>\n<p>\t\t\t\t\t\t\t\tFrom<br \/>\n\t\t\t\t\t\t\t\t<bdi>&euro;&nbsp;120,00<\/bdi><br \/>\n\t\t\t\t\t\t\t\t\/per night<br \/>\n\t\t\t\t\t<a href=\"https:\/\/theroyalsnail.com\/product\/chambre-single\/\" title=\"Book Now\"><br \/>\n\t\t\t\t\t\tBook Now<br \/>\n\t\t\t\t\t<\/a><br \/>\n\t\t\t\t\t\t\t\t\t\t\t<a href=\"https:\/\/theroyalsnail.com\/product\/chambre-standard-pool-side\/\" title=\"Standard Pool Side\"><br \/>\n\t\t\t\t\t\t\t<img width=\"768\" height=\"660\" src=\"https:\/\/theroyalsnail.com\/wp-content\/uploads\/2024\/04\/The-Royal-Snail-Hotel-Namur-Chambre-10-768x660.jpg\" alt=\"\" decoding=\"async\" \/>\t\t\t\t\t\t<\/a><\/p>\n<h3>\n\t\t\t\t\t\t\t<a href=\"https:\/\/theroyalsnail.com\/product\/chambre-standard-pool-side\/\"\n\t\t\t\t\t\t\t\ttitle=\"Standard Pool Side\"><br \/>\n\t\t\t\t\t\t\t\tStandard Pool Side\t\t\t\t\t\t\t<\/a><br \/>\n\t\t\t\t\t\t<\/h3>\n<ul>\n<li>\n\t\t\t\t\t\t\t\t\t\t\t\t\t\t\t\t\t\t\t\t\t\t\t\tAdults : 2\t\t\t\t\t\t\t\t\t\t\t<\/li>\n<li>\n\t\t\t\t\t\t\t\t\t\t\t\t\tSize : 35\t\t\t\t\t\t\t\t\t\t\t\t\tm<sup>2<\/sup>\n\t\t\t\t\t\t\t\t\t\t\t<\/li>\n<\/ul>\n<p>Les chambres dites \u00ab STANDARD POOL SIDE \u00bb sont am\u00e9nag\u00e9es de sorte..<\/p>\n<p>\t\t\t\t\t\t\t\tFrom<br \/>\n\t\t\t\t\t\t\t\t<bdi>&euro;&nbsp;125,00<\/bdi><br \/>\n\t\t\t\t\t\t\t\t\/per night<br \/>\n\t\t\t\t\t<a href=\"https:\/\/theroyalsnail.com\/product\/chambre-standard-pool-side\/\" title=\"Book Now\"><br \/>\n\t\t\t\t\t\tBook Now<br \/>\n\t\t\t\t\t<\/a><br \/>\n\t\t\t\t\t\t\t\t\t\t\t<a href=\"https:\/\/theroyalsnail.com\/product\/chambre-standard-river-side\/\" title=\"Standard River Side\"><br \/>\n\t\t\t\t\t\t\t<img width=\"768\" height=\"660\" src=\"https:\/\/theroyalsnail.com\/wp-content\/uploads\/2024\/04\/CHAMBRE-26-768x660.jpg\" alt=\"\" decoding=\"async\" \/>\t\t\t\t\t\t<\/a><\/p>\n<h3>\n\t\t\t\t\t\t\t<a href=\"https:\/\/theroyalsnail.com\/product\/chambre-standard-river-side\/\"\n\t\t\t\t\t\t\t\ttitle=\"Standard River Side\"><br \/>\n\t\t\t\t\t\t\t\tStandard River Side\t\t\t\t\t\t\t<\/a><br \/>\n\t\t\t\t\t\t<\/h3>\n<ul>\n<li>\n\t\t\t\t\t\t\t\t\t\t\t\t\t\t\t\t\t\t\t\t\t\t\t\tAdults : 2\t\t\t\t\t\t\t\t\t\t\t<\/li>\n<li>\n\t\t\t\t\t\t\t\t\t\t\t\t\tSize : 35\t\t\t\t\t\t\t\t\t\t\t\t\tm<sup>2<\/sup>\n\t\t\t\t\t\t\t\t\t\t\t<\/li>\n<\/ul>\n<p>Les chambres \u00abSTANDARD RIVER SIDE\u00bb sont munies de larges fen\u00eatres qui permettent..<\/p>\n<p>\t\t\t\t\t\t\t\tFrom<br \/>\n\t\t\t\t\t\t\t\t<bdi>&euro;&nbsp;125,00<\/bdi><br \/>\n\t\t\t\t\t\t\t\t\/per night<br \/>\n\t\t\t\t\t<a href=\"https:\/\/theroyalsnail.com\/product\/chambre-standard-river-side\/\" title=\"Book Now\"><br \/>\n\t\t\t\t\t\tBook Now<br \/>\n\t\t\t\t\t<\/a><br \/>\n\t\t\t\t\t\t\t\t\t\t\t<a href=\"https:\/\/theroyalsnail.com\/product\/deluxe-pool-side\/\" title=\"Deluxe Pool Side\"><br \/>\n\t\t\t\t\t\t\t<img loading=\"lazy\" width=\"768\" height=\"660\" src=\"https:\/\/theroyalsnail.com\/wp-content\/uploads\/2024\/04\/The-Royal-Snail-Hotel-Namur-Chambre-36-768x660.jpg\" alt=\"\" decoding=\"async\" \/>\t\t\t\t\t\t<\/a><\/p>\n<h3>\n\t\t\t\t\t\t\t<a href=\"https:\/\/theroyalsnail.com\/product\/deluxe-pool-side\/\"\n\t\t\t\t\t\t\t\ttitle=\"Deluxe Pool Side\"><br \/>\n\t\t\t\t\t\t\t\tDeluxe Pool Side\t\t\t\t\t\t\t<\/a><br \/>\n\t\t\t\t\t\t<\/h3>\n<ul>\n<li>\n\t\t\t\t\t\t\t\t\t\t\t\t\t\t\t\t\t\t\t\t\t\t\t\tAdults : 2\t\t\t\t\t\t\t\t\t\t\t<\/li>\n<li>\n\t\t\t\t\t\t\t\t\t\t\t\t\tSize : 35\t\t\t\t\t\t\t\t\t\t\t\t\tm<sup>2<\/sup>\n\t\t\t\t\t\t\t\t\t\t\t<\/li>\n<\/ul>\n<p>Les Chambres \u00ab DELUXE POOL SIDE\u00bb de l&#039;h\u00f4tel se r\u00e9v\u00e8lent, comme leur..<\/p>\n<p>\t\t\t\t\t\t\t\tFrom<br \/>\n\t\t\t\t\t\t\t\t<bdi>&euro;&nbsp;165,00<\/bdi><br \/>\n\t\t\t\t\t\t\t\t\/per night<br \/>\n\t\t\t\t\t<a href=\"https:\/\/theroyalsnail.com\/product\/deluxe-pool-side\/\" title=\"Book Now\"><br \/>\n\t\t\t\t\t\tBook Now<br \/>\n\t\t\t\t\t<\/a><br \/>\n\t\t\t\t\t\t\t\t\t\t\t<a href=\"https:\/\/theroyalsnail.com\/product\/deluxe-river-side\/\" title=\"Deluxe River Side\"><br \/>\n\t\t\t\t\t\t\t<img loading=\"lazy\" width=\"768\" height=\"660\" src=\"https:\/\/theroyalsnail.com\/wp-content\/uploads\/2024\/04\/The-Royal-Snail-Hotel-Namur-Chambre-45-768x660.jpg\" alt=\"\" decoding=\"async\" \/>\t\t\t\t\t\t<\/a><\/p>\n<h3>\n\t\t\t\t\t\t\t<a href=\"https:\/\/theroyalsnail.com\/product\/deluxe-river-side\/\"\n\t\t\t\t\t\t\t\ttitle=\"Deluxe River Side\"><br \/>\n\t\t\t\t\t\t\t\tDeluxe River Side\t\t\t\t\t\t\t<\/a><br \/>\n\t\t\t\t\t\t<\/h3>\n<ul>\n<li>\n\t\t\t\t\t\t\t\t\t\t\t\t\t\t\t\t\t\t\t\t\t\t\t\tAdults : 2\t\t\t\t\t\t\t\t\t\t\t<\/li>\n<li>\n\t\t\t\t\t\t\t\t\t\t\t\t\tSize : 35\t\t\t\t\t\t\t\t\t\t\t\t\tm<sup>2<\/sup>\n\t\t\t\t\t\t\t\t\t\t\t<\/li>\n<\/ul>\n<p>Les chambres \u00abDELUXE RIVER SIDE\u00bb disposent d\u2019un lit &quot;Queen Size&quot; ou &quot;King..<\/p>\n<p>\t\t\t\t\t\t\t\tFrom<br \/>\n\t\t\t\t\t\t\t\t<bdi>&euro;&nbsp;135,00<\/bdi><br \/>\n\t\t\t\t\t\t\t\t\/per night<br \/>\n\t\t\t\t\t<a href=\"https:\/\/theroyalsnail.com\/product\/deluxe-river-side\/\" title=\"Book Now\"><br \/>\n\t\t\t\t\t\tBook Now<br \/>\n\t\t\t\t\t<\/a><br \/>\n\t\t\t\t\t\t\t\t\t\t\t<a href=\"https:\/\/theroyalsnail.com\/product\/superior-garden-side\/\" title=\"Superior Garden Side\"><br \/>\n\t\t\t\t\t\t\t<img loading=\"lazy\" width=\"768\" height=\"660\" src=\"https:\/\/theroyalsnail.com\/wp-content\/uploads\/2024\/04\/The-Royal-Snail-Hotel-Namur-Chambre-3-768x660.jpg\" alt=\"\" decoding=\"async\" \/>\t\t\t\t\t\t<\/a><\/p>\n<h3>\n\t\t\t\t\t\t\t<a href=\"https:\/\/theroyalsnail.com\/product\/superior-garden-side\/\"\n\t\t\t\t\t\t\t\ttitle=\"Superior Garden Side\"><br \/>\n\t\t\t\t\t\t\t\tSuperior Garden Side\t\t\t\t\t\t\t<\/a><br \/>\n\t\t\t\t\t\t<\/h3>\n<ul>\n<li>\n\t\t\t\t\t\t\t\t\t\t\t\t\t\t\t\t\t\t\t\t\t\t\t\tAdults : 2\t\t\t\t\t\t\t\t\t\t\t<\/li>\n<li>\n\t\t\t\t\t\t\t\t\t\t\t\t\tSize : 35\t\t\t\t\t\t\t\t\t\t\t\t\tm<sup>2<\/sup>\n\t\t\t\t\t\t\t\t\t\t\t<\/li>\n<\/ul>\n<p>Les chambres \u00abSUPERIOR GARDEN SIDE\u00bb situ\u00e9es c\u00f4t\u00e9 jardin, ces chambres sont nanties..<\/p>\n<p>\t\t\t\t\t\t\t\tFrom<br \/>\n\t\t\t\t\t\t\t\t<bdi>&euro;&nbsp;180,00<\/bdi><br \/>\n\t\t\t\t\t\t\t\t\/per night<br \/>\n\t\t\t\t\t<a href=\"https:\/\/theroyalsnail.com\/product\/superior-garden-side\/\" title=\"Book Now\"><br \/>\n\t\t\t\t\t\tBook Now<br \/>\n\t\t\t\t\t<\/a><br \/>\n\t\t\t\t\t\t\t\t\t\t\t<a href=\"https:\/\/theroyalsnail.com\/product\/junior-suites\/\" title=\"Junior Suites\"><br \/>\n\t\t\t\t\t\t\t<img loading=\"lazy\" width=\"768\" height=\"660\" src=\"https:\/\/theroyalsnail.com\/wp-content\/uploads\/2024\/04\/The-Royal-Snail-Hotel-Namur-Chambre-39-768x660.jpg\" alt=\"\" decoding=\"async\" \/>\t\t\t\t\t\t<\/a><\/p>\n<h3>\n\t\t\t\t\t\t\t<a href=\"https:\/\/theroyalsnail.com\/product\/junior-suites\/\"\n\t\t\t\t\t\t\t\ttitle=\"Junior Suites\"><br \/>\n\t\t\t\t\t\t\t\tJunior Suites\t\t\t\t\t\t\t<\/a><br \/>\n\t\t\t\t\t\t<\/h3>\n<ul>\n<li>\n\t\t\t\t\t\t\t\t\t\t\t\t\t\t\t\t\t\t\t\t\t\t\t\tAdults : 2\t\t\t\t\t\t\t\t\t\t\t<\/li>\n<li>\n\t\t\t\t\t\t\t\t\t\t\t\t\tSize : 35\t\t\t\t\t\t\t\t\t\t\t\t\tm<sup>2<\/sup>\n\t\t\t\t\t\t\t\t\t\t\t<\/li>\n<\/ul>\n<p>Prestigieuses et m\u00e9ticuleusement am\u00e9nag\u00e9es, ces chambres indubitablement vastes sont compos\u00e9es d\u2019une salle..<\/p>\n<p>\t\t\t\t\t\t\t\tFrom<br \/>\n\t\t\t\t\t\t\t\t<bdi>&euro;&nbsp;215,00<\/bdi><br \/>\n\t\t\t\t\t\t\t\t\/per night<br \/>\n\t\t\t\t\t<a href=\"https:\/\/theroyalsnail.com\/product\/junior-suites\/\" title=\"Book Now\"><br \/>\n\t\t\t\t\t\tBook Now<br \/>\n\t\t\t\t\t<\/a><br \/>\n\t\t\t\t\t\t\t\t\t\t\t<a href=\"https:\/\/theroyalsnail.com\/product\/royal-package\/\" title=\"Royal Package\"><br \/>\n\t\t\t\t\t\t\t<img loading=\"lazy\" width=\"768\" height=\"532\" src=\"https:\/\/theroyalsnail.com\/wp-content\/uploads\/2024\/04\/The-Royal-Snail-Hotel-Namur-Restaurant-Agathopede-1-768x532.jpg\" alt=\"\" decoding=\"async\" \/>\t\t\t\t\t\t<\/a><\/p>\n<h3>\n\t\t\t\t\t\t\t<a href=\"https:\/\/theroyalsnail.com\/product\/royal-package\/\"\n\t\t\t\t\t\t\t\ttitle=\"Royal Package\"><br \/>\n\t\t\t\t\t\t\t\tRoyal Package\t\t\t\t\t\t\t<\/a><br \/>\n\t\t\t\t\t\t<\/h3>\n<ul>\n<li>\n\t\t\t\t\t\t\t\t\t\t\t\t\t\t\t\t\t\t\t\t\t\t\t\tAdults : 2\t\t\t\t\t\t\t\t\t\t\t<\/li>\n<li>\n\t\t\t\t\t\t\t\t\t\t\t\t\tSize : 30\t\t\t\t\t\t\t\t\t\t\t\t\tm<sup>2<\/sup>\n\t\t\t\t\t\t\t\t\t\t\t<\/li>\n<\/ul>\n<p>Royal Package<br \/>\n&#8211; Une nuit\u00e9e pour 2 personnes en chambre deluxe<br \/>\n&#8211; 2 menus..<\/p>\n<p>\t\t\t\t\t\t\t\tFrom<br \/>\n\t\t\t\t\t\t\t\t<bdi>&euro;&nbsp;279,00<\/bdi><br \/>\n\t\t\t\t\t\t\t\t\/per night<br \/>\n\t\t\t\t\t<a href=\"https:\/\/theroyalsnail.com\/product\/royal-package\/\" title=\"Book Now\"><br \/>\n\t\t\t\t\t\tBook Now<br \/>\n\t\t\t\t\t<\/a><\/p>\n","protected":false},"excerpt":{"rendered":"<p>Ontdek onze kamers Chambre Single Adults : 1 Size : 25 m2 La chambre &quot;SINGLE ROOM&quot; de l&#039;h\u00f4tel donne directement sur le jardin et.. From &euro;&nbsp;120,00 \/per night Book Now Standard Pool Side Adults : 2 Size : 35 m2 Les chambres dites \u00ab STANDARD POOL SIDE \u00bb sont am\u00e9nag\u00e9es de sorte.. From &euro;&nbsp;125,00 \/per [&hellip;]<\/p>\n","protected":false},"author":1,"featured_media":0,"parent":0,"menu_order":0,"comment_status":"closed","ping_status":"closed","template":"elementor_header_footer","meta":{"footnotes":""},"class_list":["post-5442","page","type-page","status-publish","hentry"],"_links":{"self":[{"href":"https:\/\/theroyalsnail.com\/nl\/wp-json\/wp\/v2\/pages\/5442","targetHints":{"allow":["GET"]}}],"collection":[{"href":"https:\/\/theroyalsnail.com\/nl\/wp-json\/wp\/v2\/pages"}],"about":[{"href":"https:\/\/theroyalsnail.com\/nl\/wp-json\/wp\/v2\/types\/page"}],"author":[{"embeddable":true,"href":"https:\/\/theroyalsnail.com\/nl\/wp-json\/wp\/v2\/users\/1"}],"replies":[{"embeddable":true,"href":"https:\/\/theroyalsnail.com\/nl\/wp-json\/wp\/v2\/comments?post=5442"}],"version-history":[{"count":2,"href":"https:\/\/theroyalsnail.com\/nl\/wp-json\/wp\/v2\/pages\/5442\/revisions"}],"predecessor-version":[{"id":5484,"href":"https:\/\/theroyalsnail.com\/nl\/wp-json\/wp\/v2\/pages\/5442\/revisions\/5484"}],"wp:attachment":[{"href":"https:\/\/theroyalsnail.com\/nl\/wp-json\/wp\/v2\/media?parent=5442"}],"curies":[{"name":"wp","href":"https:\/\/api.w.org\/{rel}","templated":true}]}}