{"id":5434,"date":"2024-04-09T14:40:55","date_gmt":"2024-04-09T12:40:55","guid":{"rendered":"https:\/\/theroyalsnail.com\/wellness\/"},"modified":"2024-04-12T13:33:52","modified_gmt":"2024-04-12T11:33:52","slug":"wellness","status":"publish","type":"page","link":"https:\/\/theroyalsnail.com\/en\/wellness\/","title":{"rendered":"Wellness"},"content":{"rendered":"\t\t<div data-elementor-type=\"wp-page\" data-elementor-id=\"5434\" class=\"elementor elementor-5434 elementor-4494\">\n\t\t\t\t\t\t<section class=\"elementor-section elementor-top-section elementor-element elementor-element-075f65b elementor-section-full_width elementor-section-height-default elementor-section-height-default\" data-id=\"075f65b\" data-element_type=\"section\" data-settings=\"{&quot;background_background&quot;:&quot;classic&quot;}\">\n\t\t\t\t\t\t<div class=\"elementor-container elementor-column-gap-no\">\n\t\t\t\t\t<div class=\"elementor-column elementor-col-100 elementor-top-column elementor-element elementor-element-cb29ae4\" data-id=\"cb29ae4\" data-element_type=\"column\">\n\t\t\t<div class=\"elementor-widget-wrap elementor-element-populated\">\n\t\t\t\t\t\t<div class=\"elementor-element elementor-element-6e5fe7b elementor-widget elementor-widget-qomfort_elementor_header_banner\" data-id=\"6e5fe7b\" data-element_type=\"widget\" data-settings=\"{&quot;_animation&quot;:&quot;none&quot;}\" data-widget_type=\"qomfort_elementor_header_banner.default\">\n\t\t\t\t<div class=\"elementor-widget-container\">\n\t\t\t\t\t\t\t \t<!-- Display when you choose background per Post -->\n\t\t \t<div class=\"wrap_header_banner   \"  >\n\n\t\t \t\t\t\t\t \t\n\t\t\t\t \t<div class=\"cover_color\"><\/div>\n\n\t\t\t\t\t<div class=\"header_banner_el  \">\n\t\t\t\t\t\t\n\t\t\t\t\t\t\t\t\t\t\t\t\t\n\t\t\t\t\t\t\t\n\t\t\t\t\t\t\t\t\t\t\t\t\t\t<h1 class=\" header_title\">\n\t\t\t\t\t\t\t\t\t\t\t\t\t\t\t<\/h1>\n\t\t\t\t\t\t\t\t\n\t\t\t\t\t\t\n\n\t\t\t\t\t\t\n\t\t\t\t\t<\/div>\n\n\t\t\t\t\n\t\t\t<\/div>\n\t\t\t\t\t\t<\/div>\n\t\t\t\t<\/div>\n\t\t\t\t\t<\/div>\n\t\t<\/div>\n\t\t\t\t\t<\/div>\n\t\t<\/section>\n\t\t<div class=\"elementor-element elementor-element-79549a9 e-flex e-con-boxed e-con e-parent\" data-id=\"79549a9\" data-element_type=\"container\">\n\t\t\t\t\t<div class=\"e-con-inner\">\n\t\t\t\t<div class=\"elementor-element elementor-element-70a7faa elementor-widget elementor-widget-text-editor\" data-id=\"70a7faa\" data-element_type=\"widget\" data-widget_type=\"text-editor.default\">\n\t\t\t\t<div class=\"elementor-widget-container\">\n\t\t\t\t\t\t\t\t\t<h1>The Wellness &#8211; The Massages<\/h1>\n<h1 style=\"font-family: var(--secondary-font);\">Wellness (booking recommended)<\/h1>\n<p><span style=\"font-weight: bolder;\">PRIVATISE WELLNESS AREA ACCESS \u20ac95\/hr<\/span><\/p>\n<p>4 people maximum  <\/p>\n<p><span style=\"font-weight: bolder;\">SPECIAL OFFER<\/span><\/p>\n<p>Weekdays, Monday to Friday<\/p>\n<p><span style=\"text-align: var(--text-align); color: var(--text); font-family: var(--primary-font); font-size: var(--font-size); letter-spacing: var(--letter-spacing);\">1h + 1h free<\/span><\/p>\n<p><span style=\"color: var(--heading); font-family: var(--secondary-font); font-size: 2em; font-weight: bold; text-align: var(--text-align); letter-spacing: var(--letter-spacing);\"> <\/span><\/p>\n<p><span style=\"color: var(--heading); font-family: var(--secondary-font); font-size: 2em; font-weight: bold; text-align: var(--text-align); letter-spacing: var(--letter-spacing);\">Massages (on reservation)<\/span><\/p>\n<p><em>DUETS AVAILABLE ON RESERVATION  <\/em><\/p>\n<p><strong>ORIENTAL MASSAGE (60\u2032 &#8211; 75\u2032 &#8211; 90\u2032 &#8211; 120\u2032)<\/strong><\/p>\n<p>This massage frees the body of tension by gently working the muscles and skin. Ideal for feeling relaxed.<\/p>\n<p><strong>REGENERATING BACK MASSAGE (60\u2032 &#8211; 75\u2032)<\/strong><\/p>\n<p>This treatment combines deep muscle techniques and stretching. It really targets tension in the back and legs, relieving it in depth. Ideal for relieving back tension and feeling rejuvenated.<\/p>\n<p><strong>CUSTOMIZED MASSAGE (60\u2032 &#8211; 90\u2032)<\/strong><\/p>\n<p>Determine your session according to your needs at the time, the areas to focus on, the type of pressure and the time to devote to the different parts of the body according to your needs.<\/p>\n<p><strong>HOT STONES (60\u2032 &#8211; 90\u2032)<\/strong><\/p>\n<p>A soothing hot stone massage combining muscle relaxation and deep-down tension relief.<\/p>\n<p><strong>POLYNESIAN (90\u2032)<\/strong><\/p>\n<p>Invigorating and invigorating sandbag massage. Relieves tension by applying pressure, with wide, rather rapid movements using mainly the forearms.<\/p>\n<p><strong>MOTHER-TO-BE CARE (60\u2032 &#8211; 75\u2032)<\/strong><\/p>\n<p>Gentle and enveloping while targeting tensions. Its aim is to improve blood circulation and relax muscles, relieving tension and discomfort in the legs and back. Ideal for expectant mothers looking for a relaxing break.<\/p>\n<table>\n<tbody>\n<tr>\n<td width=\"145\">\n<table width=\"100%\">\n<tbody>\n<tr>\n<td><em>SOLO ONLY  <\/em><\/td>\n<\/tr>\n<\/tbody>\n<\/table>\n<\/td>\n<\/tr>\n<\/tbody>\n<\/table>\n<p><span style=\"color: var(--heading); font-family: var(--secondary-font); font-size: 2em; font-weight: bold; letter-spacing: var(--letter-spacing); text-align: var(--text-align);\">THE LITTLE WONDERS<\/span><\/p>\n<p><strong>RELAXATION REFLEXOLOGY (45\u2032)<\/strong><\/p>\n<p>This massage targets the foot&#8217;s reflex zones. It offers a unique experience that provides absolute relaxation and the release of tension throughout the body.<\/p>\n<p><strong>REGENERATING BACK MASSAGE (45\u2032)<\/strong><\/p>\n<p>This treatment combines deep muscle techniques and stretching. It really targets tension in the back and legs, releasing it deep down. Ideal for relieving back tension and feeling rejuvenated.<\/p>\n<p><strong>FACIAL (50\u2032)<\/strong><\/p>\n<p>Relaxing aromatic treatment.<\/p>\n<h1>THE ESCALES<\/h1>\n<p><strong>THE PRECIOUS MOMENT (120\u2032)<\/strong><\/p>\n<p>The refined marriage of a facial and a massage. 90&#8242; massage and 30&#8242; facial.<\/p>\n<p><strong>RITUEL D\u00c9TENTE (90\u2032 &#8211; 120\u2032)<\/strong><\/p>\n<p>Gentle or remineralizing scrub followed by a massage with warm oil and essential oils. 30&#8242; scrub and either 60&#8242; or 90&#8242; massage.<\/p>\n<h2>DUO MOMENTS<\/h2>\n<p><strong>WELLNESS BREAK (120\u2032)<\/strong><\/p>\n<p>The spa is entirely reserved for you for this moment of relaxation, enjoy wellness and 2 solo massages of 45&#8242; to choose from &#8220;LES PETITES MERVEILLES&#8221;, &#8220;SOIN VISAGE&#8221;, &#8220;R\u00c9FLEXOLOGIE&#8221; or &#8220;MASSAGE R\u00c9G\u00c9- N\u00c9RANT DU DOS&#8221;.<\/p>\n<p><strong>UN INSTANT ROYAL (180&#8242;)<\/strong><\/p>\n<p>Choose from &#8220;PIERRES CHAUDES&#8221;, &#8220;POLYN\u00c9SIEN&#8221; or &#8220;ORIENTAL&#8221;.<\/p>\n<h1><span style=\"text-align: var(--text-align); color: var(--text); font-family: var(--primary-font); font-size: var(--font-size); letter-spacing: var(--letter-spacing);\">Reservations and prices are available on request at +3281570023 or by e-mail at info@theroyalsnail.com<\/span><\/h1>\n\t\t\t\t\t\t\t\t<\/div>\n\t\t\t\t<\/div>\n\t\t\t\t\t<\/div>\n\t\t\t\t<\/div>\n\t\t<div class=\"elementor-element elementor-element-615e7bb e-flex e-con-boxed e-con e-parent\" data-id=\"615e7bb\" data-element_type=\"container\">\n\t\t\t\t\t<div class=\"e-con-inner\">\n\t\t\t\t<div class=\"elementor-element elementor-element-173d446 elementor-widget elementor-widget-qomfort_elementor_gallery\" data-id=\"173d446\" data-element_type=\"widget\" data-widget_type=\"qomfort_elementor_gallery.default\">\n\t\t\t\t<div class=\"elementor-widget-container\">\n\t\t\t\t\t\n\t\t\t        <div class=\"ova-gallery\">\n\t        \t<div class=\"grid\">\n\t        \t\t<div class=\"grid-sizer\"><\/div>\n\t  \t\t\t\t\t  \t\t\t\t\t<div class=\"grid-item elementor-repeater-item-67d2f42 \">\n\t  \t\t\t\t\t\t<a href=\"#\" class=\"gallery-fancybox\" data-src=\"https:\/\/theroyalsnail.com\/wp-content\/plugins\/elementor\/assets\/images\/placeholder.png\" \n\t  \t\t\t\t\t\t\tdata-fancybox=\"gallery\" \n\t  \t\t\t\t\t\t\tdata-caption=\"hotel-namur-366\">\n\n\t  \t\t\t\t\t\t\t<img decoding=\"async\" src=\"https:\/\/theroyalsnail.com\/wp-content\/uploads\/2024\/04\/hotel-namur-366.jpg\" alt=\"hotel-namur-366\">\n\t  \t\t\t\t\t\t\t<div class=\"gallery-container\">\n\t\t  \t\t\t\t\t\t\t<div class=\"gallery-content\">\n\t\t\t  \t\t\t\t\t\t\t\t\t\t  \t\t\t\t\t\t\t\t<h2 class=\"gallery-title\">Wellness<\/h2>\n\t\t\t  \t\t\t\t\t\t\t\t\t\t  \t\t\t\t\t\t<\/div>\n\t\t  \t\t\t\t\t\t<\/div>\n\t  \t\t\t\t\t\t<\/a>\n\t  \t\t\t\t\t<\/div>\n\t  \t\t\t\t\t  \t\t\t\t\t<div class=\"grid-item elementor-repeater-item-ab9a89b \">\n\t  \t\t\t\t\t\t<a href=\"#\" class=\"gallery-fancybox\" data-src=\"https:\/\/theroyalsnail.com\/wp-content\/plugins\/elementor\/assets\/images\/placeholder.png\" \n\t  \t\t\t\t\t\t\tdata-fancybox=\"gallery\" \n\t  \t\t\t\t\t\t\tdata-caption=\"hotel-namur-365_1\">\n\n\t  \t\t\t\t\t\t\t<img decoding=\"async\" src=\"https:\/\/theroyalsnail.com\/wp-content\/uploads\/2024\/04\/hotel-namur-365_1.jpg\" alt=\"hotel-namur-365_1\">\n\t  \t\t\t\t\t\t\t<div class=\"gallery-container\">\n\t\t  \t\t\t\t\t\t\t<div class=\"gallery-content\">\n\t\t\t  \t\t\t\t\t\t\t\t\t\t  \t\t\t\t\t\t\t\t<h2 class=\"gallery-title\">Welness<\/h2>\n\t\t\t  \t\t\t\t\t\t\t\t\t\t  \t\t\t\t\t\t<\/div>\n\t\t  \t\t\t\t\t\t<\/div>\n\t  \t\t\t\t\t\t<\/a>\n\t  \t\t\t\t\t<\/div>\n\t  \t\t\t\t\t  \t\t\t\t\t<div class=\"grid-item elementor-repeater-item-5d9f5d2 grid-width-2\">\n\t  \t\t\t\t\t\t<a href=\"#\" class=\"gallery-fancybox\" data-src=\"https:\/\/theroyalsnail.com\/wp-content\/plugins\/elementor\/assets\/images\/placeholder.png\" \n\t  \t\t\t\t\t\t\tdata-fancybox=\"gallery\" \n\t  \t\t\t\t\t\t\tdata-caption=\"hotel-namur-364\">\n\n\t  \t\t\t\t\t\t\t<img decoding=\"async\" src=\"https:\/\/theroyalsnail.com\/wp-content\/uploads\/2024\/04\/hotel-namur-364.jpg\" alt=\"hotel-namur-364\">\n\t  \t\t\t\t\t\t\t<div class=\"gallery-container\">\n\t\t  \t\t\t\t\t\t\t<div class=\"gallery-content\">\n\t\t\t  \t\t\t\t\t\t\t\t\t\t  \t\t\t\t\t\t\t\t<h2 class=\"gallery-title\">Welness<\/h2>\n\t\t\t  \t\t\t\t\t\t\t\t\t\t  \t\t\t\t\t\t<\/div>\n\t\t  \t\t\t\t\t\t<\/div>\n\t  \t\t\t\t\t\t<\/a>\n\t  \t\t\t\t\t<\/div>\n\t  \t\t\t\t\t  \t\t\t\t\t<div class=\"grid-item elementor-repeater-item-ac71b0b grid-width-2\">\n\t  \t\t\t\t\t\t<a href=\"#\" class=\"gallery-fancybox\" data-src=\"https:\/\/theroyalsnail.com\/wp-content\/plugins\/elementor\/assets\/images\/placeholder.png\" \n\t  \t\t\t\t\t\t\tdata-fancybox=\"gallery\" \n\t  \t\t\t\t\t\t\tdata-caption=\"hotel-namur-294\">\n\n\t  \t\t\t\t\t\t\t<img decoding=\"async\" src=\"https:\/\/theroyalsnail.com\/wp-content\/uploads\/2024\/04\/hotel-namur-294.jpg\" alt=\"hotel-namur-294\">\n\t  \t\t\t\t\t\t\t<div class=\"gallery-container\">\n\t\t  \t\t\t\t\t\t\t<div class=\"gallery-content\">\n\t\t\t  \t\t\t\t\t\t\t\t\t\t  \t\t\t\t\t\t\t\t<h2 class=\"gallery-title\">Welness<\/h2>\n\t\t\t  \t\t\t\t\t\t\t\t\t\t  \t\t\t\t\t\t<\/div>\n\t\t  \t\t\t\t\t\t<\/div>\n\t  \t\t\t\t\t\t<\/a>\n\t  \t\t\t\t\t<\/div>\n\t  \t\t\t\t\t  \t\t\t\t\t<div class=\"grid-item elementor-repeater-item-978f2a6 \">\n\t  \t\t\t\t\t\t<a href=\"#\" class=\"gallery-fancybox\" data-src=\"https:\/\/theroyalsnail.com\/wp-content\/plugins\/elementor\/assets\/images\/placeholder.png\" \n\t  \t\t\t\t\t\t\tdata-fancybox=\"gallery\" \n\t  \t\t\t\t\t\t\tdata-caption=\"hotel-namur-363\">\n\n\t  \t\t\t\t\t\t\t<img decoding=\"async\" src=\"https:\/\/theroyalsnail.com\/wp-content\/uploads\/2024\/04\/hotel-namur-363.jpg\" alt=\"hotel-namur-363\">\n\t  \t\t\t\t\t\t\t<div class=\"gallery-container\">\n\t\t  \t\t\t\t\t\t\t<div class=\"gallery-content\">\n\t\t\t  \t\t\t\t\t\t\t\t\t\t  \t\t\t\t\t\t\t\t<h2 class=\"gallery-title\">Welness<\/h2>\n\t\t\t  \t\t\t\t\t\t\t\t\t\t  \t\t\t\t\t\t<\/div>\n\t\t  \t\t\t\t\t\t<\/div>\n\t  \t\t\t\t\t\t<\/a>\n\t  \t\t\t\t\t<\/div>\n\t  \t\t\t\t\t  \t\t\t\t\t<div class=\"grid-item elementor-repeater-item-a69423a \">\n\t  \t\t\t\t\t\t<a href=\"#\" class=\"gallery-fancybox\" data-src=\"https:\/\/theroyalsnail.com\/wp-content\/plugins\/elementor\/assets\/images\/placeholder.png\" \n\t  \t\t\t\t\t\t\tdata-fancybox=\"gallery\" \n\t  \t\t\t\t\t\t\tdata-caption=\"hotel-namur-297_1\">\n\n\t  \t\t\t\t\t\t\t<img decoding=\"async\" src=\"https:\/\/theroyalsnail.com\/wp-content\/uploads\/2024\/04\/hotel-namur-297_1.jpg\" alt=\"hotel-namur-297_1\">\n\t  \t\t\t\t\t\t\t<div class=\"gallery-container\">\n\t\t  \t\t\t\t\t\t\t<div class=\"gallery-content\">\n\t\t\t  \t\t\t\t\t\t\t\t\t\t  \t\t\t\t\t\t\t\t<h2 class=\"gallery-title\">Welness<\/h2>\n\t\t\t  \t\t\t\t\t\t\t\t\t\t  \t\t\t\t\t\t<\/div>\n\t\t  \t\t\t\t\t\t<\/div>\n\t  \t\t\t\t\t\t<\/a>\n\t  \t\t\t\t\t<\/div>\n\t  \t\t\t\t\t        \t<\/div>\n\t\t\t<\/div>\n\t\t\t\t\t\t<\/div>\n\t\t\t\t<\/div>\n\t\t\t\t\t<\/div>\n\t\t\t\t<\/div>\n\t\t\t\t<\/div>\n\t\t","protected":false},"excerpt":{"rendered":"<p>The Wellness &#8211; The Massages Wellness (booking recommended) PRIVATISE WELLNESS AREA ACCESS \u20ac95\/hr 4 people maximum SPECIAL OFFER Weekdays, Monday to Friday 1h + 1h free Massages (on reservation) DUETS AVAILABLE ON RESERVATION ORIENTAL MASSAGE (60\u2032 &#8211; 75\u2032 &#8211; 90\u2032 &#8211; 120\u2032) This massage frees the body of tension by gently working the muscles and [&hellip;]<\/p>\n","protected":false},"author":1,"featured_media":0,"parent":0,"menu_order":0,"comment_status":"closed","ping_status":"closed","template":"elementor_header_footer","meta":{"footnotes":""},"class_list":["post-5434","page","type-page","status-publish","hentry"],"_links":{"self":[{"href":"https:\/\/theroyalsnail.com\/en\/wp-json\/wp\/v2\/pages\/5434","targetHints":{"allow":["GET"]}}],"collection":[{"href":"https:\/\/theroyalsnail.com\/en\/wp-json\/wp\/v2\/pages"}],"about":[{"href":"https:\/\/theroyalsnail.com\/en\/wp-json\/wp\/v2\/types\/page"}],"author":[{"embeddable":true,"href":"https:\/\/theroyalsnail.com\/en\/wp-json\/wp\/v2\/users\/1"}],"replies":[{"embeddable":true,"href":"https:\/\/theroyalsnail.com\/en\/wp-json\/wp\/v2\/comments?post=5434"}],"version-history":[{"count":1,"href":"https:\/\/theroyalsnail.com\/en\/wp-json\/wp\/v2\/pages\/5434\/revisions"}],"predecessor-version":[{"id":5435,"href":"https:\/\/theroyalsnail.com\/en\/wp-json\/wp\/v2\/pages\/5434\/revisions\/5435"}],"wp:attachment":[{"href":"https:\/\/theroyalsnail.com\/en\/wp-json\/wp\/v2\/media?parent=5434"}],"curies":[{"name":"wp","href":"https:\/\/api.w.org\/{rel}","templated":true}]}}